{"id":24,"date":"2024-09-03T15:12:20","date_gmt":"2024-09-03T12:12:20","guid":{"rendered":"https:\/\/fademarik.wordpress.com\/?page_id=24"},"modified":"2024-09-03T15:12:20","modified_gmt":"2024-09-03T12:12:20","slug":"kt-tarkvara","status":"publish","type":"page","link":"https:\/\/markjurgen24.thkit.ee\/wp\/kt-tarkvara\/","title":{"rendered":"KT Tarkvara"},"content":{"rendered":"\n<p><\/p>\n\n\n\n<p>P\u00f5hiteemad: <\/p>\n\n\n\n<p>Tekstit\u00f6\u00f6tlus<br>Tabelarvutus<br>Grupit\u00f6\u00f6 tarkvara<br>Esitlus<\/p>\n\n\n\n<p><\/p>\n","protected":false},"excerpt":{"rendered":"<p>P\u00f5hiteemad: Tekstit\u00f6\u00f6tlusTabelarvutusGrupit\u00f6\u00f6 tarkvaraEsitlus<\/p>\n","protected":false},"author":1,"featured_media":0,"parent":0,"menu_order":0,"comment_status":"closed","ping_status":"closed","template":"","meta":{"footnotes":""},"class_list":["post-24","page","type-page","status-publish","hentry"],"yoast_head":"<!-- This site is optimized with the Yoast SEO plugin v27.3 - https:\/\/yoast.com\/product\/yoast-seo-wordpress\/ -->\n<title>KT Tarkvara - Mark J&uuml;rgen Portfoolio<\/title>\n<meta name=\"robots\" content=\"index, follow, max-snippet:-1, max-image-preview:large, max-video-preview:-1\" \/>\n<link rel=\"canonical\" href=\"https:\/\/markjurgen24.thkit.ee\/wp\/kt-tarkvara\/\" \/>\n<meta property=\"og:locale\" content=\"et_EE\" \/>\n<meta property=\"og:type\" content=\"article\" \/>\n<meta property=\"og:title\" content=\"KT Tarkvara - Mark J&uuml;rgen Portfoolio\" \/>\n<meta property=\"og:description\" content=\"P\u00f5hiteemad: Tekstit\u00f6\u00f6tlusTabelarvutusGrupit\u00f6\u00f6 tarkvaraEsitlus\" \/>\n<meta property=\"og:url\" content=\"https:\/\/markjurgen24.thkit.ee\/wp\/kt-tarkvara\/\" \/>\n<meta property=\"og:site_name\" content=\"Mark J&uuml;rgen Portfoolio\" \/>\n<meta name=\"twitter:card\" content=\"summary_large_image\" \/>\n<script type=\"application\/ld+json\" class=\"yoast-schema-graph\">{\"@context\":\"https:\\\/\\\/schema.org\",\"@graph\":[{\"@type\":\"WebPage\",\"@id\":\"https:\\\/\\\/markjurgen24.thkit.ee\\\/wp\\\/kt-tarkvara\\\/\",\"url\":\"https:\\\/\\\/markjurgen24.thkit.ee\\\/wp\\\/kt-tarkvara\\\/\",\"name\":\"KT Tarkvara - Mark J&uuml;rgen Portfoolio\",\"isPartOf\":{\"@id\":\"https:\\\/\\\/markjurgen24.thkit.ee\\\/wp\\\/#website\"},\"datePublished\":\"2024-09-03T12:12:20+00:00\",\"breadcrumb\":{\"@id\":\"https:\\\/\\\/markjurgen24.thkit.ee\\\/wp\\\/kt-tarkvara\\\/#breadcrumb\"},\"inLanguage\":\"et\",\"potentialAction\":[{\"@type\":\"ReadAction\",\"target\":[\"https:\\\/\\\/markjurgen24.thkit.ee\\\/wp\\\/kt-tarkvara\\\/\"]}]},{\"@type\":\"BreadcrumbList\",\"@id\":\"https:\\\/\\\/markjurgen24.thkit.ee\\\/wp\\\/kt-tarkvara\\\/#breadcrumb\",\"itemListElement\":[{\"@type\":\"ListItem\",\"position\":1,\"name\":\"Home\",\"item\":\"https:\\\/\\\/markjurgen24.thkit.ee\\\/wp\\\/\"},{\"@type\":\"ListItem\",\"position\":2,\"name\":\"KT Tarkvara\"}]},{\"@type\":\"WebSite\",\"@id\":\"https:\\\/\\\/markjurgen24.thkit.ee\\\/wp\\\/#website\",\"url\":\"https:\\\/\\\/markjurgen24.thkit.ee\\\/wp\\\/\",\"name\":\"Mark J&uuml;rgen Portfoolio\",\"description\":\"Noorem tarkvaraarendaja\",\"potentialAction\":[{\"@type\":\"SearchAction\",\"target\":{\"@type\":\"EntryPoint\",\"urlTemplate\":\"https:\\\/\\\/markjurgen24.thkit.ee\\\/wp\\\/?s={search_term_string}\"},\"query-input\":{\"@type\":\"PropertyValueSpecification\",\"valueRequired\":true,\"valueName\":\"search_term_string\"}}],\"inLanguage\":\"et\"}]}<\/script>\n<!-- \/ Yoast SEO plugin. -->","yoast_head_json":{"title":"KT Tarkvara - Mark J&uuml;rgen Portfoolio","robots":{"index":"index","follow":"follow","max-snippet":"max-snippet:-1","max-image-preview":"max-image-preview:large","max-video-preview":"max-video-preview:-1"},"canonical":"https:\/\/markjurgen24.thkit.ee\/wp\/kt-tarkvara\/","og_locale":"et_EE","og_type":"article","og_title":"KT Tarkvara - Mark J&uuml;rgen Portfoolio","og_description":"P\u00f5hiteemad: Tekstit\u00f6\u00f6tlusTabelarvutusGrupit\u00f6\u00f6 tarkvaraEsitlus","og_url":"https:\/\/markjurgen24.thkit.ee\/wp\/kt-tarkvara\/","og_site_name":"Mark J&uuml;rgen Portfoolio","twitter_card":"summary_large_image","schema":{"@context":"https:\/\/schema.org","@graph":[{"@type":"WebPage","@id":"https:\/\/markjurgen24.thkit.ee\/wp\/kt-tarkvara\/","url":"https:\/\/markjurgen24.thkit.ee\/wp\/kt-tarkvara\/","name":"KT Tarkvara - Mark J&uuml;rgen Portfoolio","isPartOf":{"@id":"https:\/\/markjurgen24.thkit.ee\/wp\/#website"},"datePublished":"2024-09-03T12:12:20+00:00","breadcrumb":{"@id":"https:\/\/markjurgen24.thkit.ee\/wp\/kt-tarkvara\/#breadcrumb"},"inLanguage":"et","potentialAction":[{"@type":"ReadAction","target":["https:\/\/markjurgen24.thkit.ee\/wp\/kt-tarkvara\/"]}]},{"@type":"BreadcrumbList","@id":"https:\/\/markjurgen24.thkit.ee\/wp\/kt-tarkvara\/#breadcrumb","itemListElement":[{"@type":"ListItem","position":1,"name":"Home","item":"https:\/\/markjurgen24.thkit.ee\/wp\/"},{"@type":"ListItem","position":2,"name":"KT Tarkvara"}]},{"@type":"WebSite","@id":"https:\/\/markjurgen24.thkit.ee\/wp\/#website","url":"https:\/\/markjurgen24.thkit.ee\/wp\/","name":"Mark J&uuml;rgen Portfoolio","description":"Noorem tarkvaraarendaja","potentialAction":[{"@type":"SearchAction","target":{"@type":"EntryPoint","urlTemplate":"https:\/\/markjurgen24.thkit.ee\/wp\/?s={search_term_string}"},"query-input":{"@type":"PropertyValueSpecification","valueRequired":true,"valueName":"search_term_string"}}],"inLanguage":"et"}]}},"_links":{"self":[{"href":"https:\/\/markjurgen24.thkit.ee\/wp\/wp-json\/wp\/v2\/pages\/24","targetHints":{"allow":["GET"]}}],"collection":[{"href":"https:\/\/markjurgen24.thkit.ee\/wp\/wp-json\/wp\/v2\/pages"}],"about":[{"href":"https:\/\/markjurgen24.thkit.ee\/wp\/wp-json\/wp\/v2\/types\/page"}],"author":[{"embeddable":true,"href":"https:\/\/markjurgen24.thkit.ee\/wp\/wp-json\/wp\/v2\/users\/1"}],"replies":[{"embeddable":true,"href":"https:\/\/markjurgen24.thkit.ee\/wp\/wp-json\/wp\/v2\/comments?post=24"}],"version-history":[{"count":0,"href":"https:\/\/markjurgen24.thkit.ee\/wp\/wp-json\/wp\/v2\/pages\/24\/revisions"}],"wp:attachment":[{"href":"https:\/\/markjurgen24.thkit.ee\/wp\/wp-json\/wp\/v2\/media?parent=24"}],"curies":[{"name":"wp","href":"https:\/\/api.w.org\/{rel}","templated":true}]}}