{"id":1242,"date":"2026-03-16T10:47:01","date_gmt":"2026-03-16T08:47:01","guid":{"rendered":"https:\/\/markjurgen24.thkit.ee\/wp\/?page_id=1242"},"modified":"2026-03-18T12:22:13","modified_gmt":"2026-03-18T10:22:13","slug":"case-vahendid","status":"publish","type":"page","link":"https:\/\/markjurgen24.thkit.ee\/wp\/case-vahendid\/","title":{"rendered":"CASE Vahendid"},"content":{"rendered":"\n<p>CASE-vahendeid v\u00f5ib nende konkreetse otstarbe j\u00e4rgi klassifitseerida mitmel viisil. S\u00fcsteemiarenduse eluts\u00fcklit toetavad CASE-vahendid jaotatakse n\u00e4iteks kahte kategooriasse:<\/p>\n\n\n\n<ul class=\"wp-block-list\">\n<li><strong>\u00fclemise taseme&#8221; CASE-vahendid<\/strong>&nbsp;(upper CASE tools) toetavad anal\u00fc\u00fcsi ja projekteerimist. Peamiselt on nad kasutusel kasutajan\u00f5uete anal\u00fc\u00fcsimisel ja dokumenteerimisel. Nad on ennek\u00f5ike m\u00f5eldud visualiseerimiseks, erinevate skeemide koostamiseks ja ka dokumentatsiooni genereerimiseks. nad toetavad traditsiooniliste diagrammikeelte kasutamist (olem-seos diagrammid, andmemudelid, UML-skeemid, jne).<\/li>\n\n\n\n<li><strong>\u201ealumise taseme&#8221; CASE vahendid&nbsp;<\/strong>(lower CASE tools) keskenduvad teostusele, kus mudelitest saab tegelik tarkvaratoode. Nad toetavad andmebaasi struktuuri genereerimist, koodi genereerimist, testide l\u00e4biviimist, koodi versioonihaldust, konfiguratsioonihaldust, p\u00f6\u00f6rdprojekteerimist jms.<\/li>\n<\/ul>\n\n\n\n<p>CASE vahendid v\u00f5ivad olla m\u00f5ne kitsa tegevuse toetuseks, kuid uuem suund on vahendid integreerida, et s\u00fcsteemiarenduse erinevatel etappidel loodud dokumentatsioon, mudelid, kood, testid jne oleksid paremini omavahel seostatavad. Seet\u00f5ttu on \u00fchte tarkvarasse \u00fchendatud ka alumise ja \u00fclemise taseme CASE vahendid.<\/p>\n\n\n\n<h2 class=\"wp-block-heading\"><strong>Minu<\/strong> <strong>Praktiline n\u00e4ide<\/strong><\/h2>\n\n\n\n<figure class=\"wp-block-image size-large\"><a href=\"https:\/\/markjurgen24.thkit.ee\/wp\/wp-content\/uploads\/2026\/03\/0313B7A7-8E48-459F-A8B5-9677B141F47C.png\"><img loading=\"lazy\" decoding=\"async\" width=\"1024\" height=\"460\" src=\"https:\/\/markjurgen24.thkit.ee\/wp\/wp-content\/uploads\/2026\/03\/0313B7A7-8E48-459F-A8B5-9677B141F47C-1024x460.png\" alt=\"\" class=\"wp-image-1246\" srcset=\"https:\/\/markjurgen24.thkit.ee\/wp\/wp-content\/uploads\/2026\/03\/0313B7A7-8E48-459F-A8B5-9677B141F47C-1024x460.png 1024w, https:\/\/markjurgen24.thkit.ee\/wp\/wp-content\/uploads\/2026\/03\/0313B7A7-8E48-459F-A8B5-9677B141F47C-300x135.png 300w, https:\/\/markjurgen24.thkit.ee\/wp\/wp-content\/uploads\/2026\/03\/0313B7A7-8E48-459F-A8B5-9677B141F47C-768x345.png 768w, https:\/\/markjurgen24.thkit.ee\/wp\/wp-content\/uploads\/2026\/03\/0313B7A7-8E48-459F-A8B5-9677B141F47C-150x67.png 150w, https:\/\/markjurgen24.thkit.ee\/wp\/wp-content\/uploads\/2026\/03\/0313B7A7-8E48-459F-A8B5-9677B141F47C-1536x689.png 1536w, https:\/\/markjurgen24.thkit.ee\/wp\/wp-content\/uploads\/2026\/03\/0313B7A7-8E48-459F-A8B5-9677B141F47C-604x270.png 604w, https:\/\/markjurgen24.thkit.ee\/wp\/wp-content\/uploads\/2026\/03\/0313B7A7-8E48-459F-A8B5-9677B141F47C.png 1896w\" sizes=\"auto, (max-width: 1024px) 100vw, 1024px\" \/><\/a><\/figure>\n\n\n\n<h3 class=\"wp-block-heading\"><strong>Kontrollk\u00fcsimused<\/strong><\/h3>\n\n\n\n<p><a href=\"https:\/\/docs.google.com\/forms\/d\/e\/1FAIpQLSfanInsFXELnKloHEyNd5WP_oWC0MJbYdYKDdyaDzqWF2mzHw\/viewform?usp=dialog\" type=\"link\" id=\"https:\/\/docs.google.com\/forms\/d\/e\/1FAIpQLSfanInsFXELnKloHEyNd5WP_oWC0MJbYdYKDdyaDzqWF2mzHw\/viewform?usp=dialog\">Google Forms<\/a><\/p>\n\n\n\n<h3 class=\"wp-block-heading\">Allikad<\/h3>\n\n\n\n<ul class=\"wp-block-list\">\n<li><a href=\"https:\/\/www.doxygen.nl\/\" type=\"link\" id=\"https:\/\/www.doxygen.nl\/\">Doxygen<\/a><\/li>\n\n\n\n<li><a href=\"https:\/\/swagger.io\/\" type=\"link\" id=\"https:\/\/swagger.io\/\">Swagger<\/a><\/li>\n\n\n\n<li><a href=\"https:\/\/ru.wikipedia.org\/wiki\/Confluence\" type=\"link\" id=\"https:\/\/ru.wikipedia.org\/wiki\/Confluence\">Atlassian Confluence<\/a><\/li>\n\n\n\n<li><a href=\"https:\/\/ru.wikipedia.org\/wiki\/CASE\" type=\"link\" id=\"https:\/\/ru.wikipedia.org\/wiki\/CASE\">CASE-vahendite \u00fcldteooria<\/a><\/li>\n<\/ul>\n\n\n\n<p><a href=\"https:\/\/markjurgen24.thkit.ee\/wp\/wp-content\/uploads\/2026\/03\/NotebookLM-Mind-Map-scaled.png\" type=\"link\" id=\"https:\/\/markjurgen24.thkit.ee\/wp\/wp-content\/uploads\/2026\/03\/NotebookLM-Mind-Map-scaled.png\">Link to image<\/a><\/p>\n\n\n\n<p><\/p>\n","protected":false},"excerpt":{"rendered":"<p>CASE-vahendeid v\u00f5ib nende konkreetse otstarbe j\u00e4rgi klassifitseerida mitmel viisil. S\u00fcsteemiarenduse eluts\u00fcklit toetavad CASE-vahendid jaotatakse n\u00e4iteks kahte kategooriasse: CASE vahendid v\u00f5ivad olla m\u00f5ne kitsa tegevuse toetuseks, kuid uuem suund on vahendid integreerida, et s\u00fcsteemiarenduse erinevatel etappidel loodud dokumentatsioon, mudelid, kood, testid jne oleksid paremini omavahel seostatavad. Seet\u00f5ttu on \u00fchte tarkvarasse \u00fchendatud ka alumise ja \u00fclemise taseme &hellip; <a href=\"https:\/\/markjurgen24.thkit.ee\/wp\/case-vahendid\/\" class=\"more-link\">Loe edasi <span class=\"screen-reader-text\">CASE Vahendid<\/span> <span class=\"meta-nav\">&rarr;<\/span><\/a><\/p>\n","protected":false},"author":1,"featured_media":0,"parent":0,"menu_order":0,"comment_status":"closed","ping_status":"closed","template":"","meta":{"footnotes":""},"class_list":["post-1242","page","type-page","status-publish","hentry"],"yoast_head":"<!-- This site is optimized with the Yoast SEO plugin v27.3 - https:\/\/yoast.com\/product\/yoast-seo-wordpress\/ -->\n<title>CASE Vahendid - Mark J&uuml;rgen Portfoolio<\/title>\n<meta name=\"robots\" content=\"index, follow, max-snippet:-1, max-image-preview:large, max-video-preview:-1\" \/>\n<link rel=\"canonical\" href=\"https:\/\/markjurgen24.thkit.ee\/wp\/case-vahendid\/\" \/>\n<meta property=\"og:locale\" content=\"et_EE\" \/>\n<meta property=\"og:type\" content=\"article\" \/>\n<meta property=\"og:title\" content=\"CASE Vahendid - Mark J&uuml;rgen Portfoolio\" \/>\n<meta property=\"og:description\" content=\"CASE-vahendeid v\u00f5ib nende konkreetse otstarbe j\u00e4rgi klassifitseerida mitmel viisil. S\u00fcsteemiarenduse eluts\u00fcklit toetavad CASE-vahendid jaotatakse n\u00e4iteks kahte kategooriasse: CASE vahendid v\u00f5ivad olla m\u00f5ne kitsa tegevuse toetuseks, kuid uuem suund on vahendid integreerida, et s\u00fcsteemiarenduse erinevatel etappidel loodud dokumentatsioon, mudelid, kood, testid jne oleksid paremini omavahel seostatavad. Seet\u00f5ttu on \u00fchte tarkvarasse \u00fchendatud ka alumise ja \u00fclemise taseme &hellip; Loe edasi CASE Vahendid &rarr;\" \/>\n<meta property=\"og:url\" content=\"https:\/\/markjurgen24.thkit.ee\/wp\/case-vahendid\/\" \/>\n<meta property=\"og:site_name\" content=\"Mark J&uuml;rgen Portfoolio\" \/>\n<meta property=\"article:modified_time\" content=\"2026-03-18T10:22:13+00:00\" \/>\n<meta property=\"og:image\" content=\"https:\/\/markjurgen24.thkit.ee\/wp\/wp-content\/uploads\/2026\/03\/0313B7A7-8E48-459F-A8B5-9677B141F47C.png\" \/>\n\t<meta property=\"og:image:width\" content=\"1896\" \/>\n\t<meta property=\"og:image:height\" content=\"851\" \/>\n\t<meta property=\"og:image:type\" content=\"image\/png\" \/>\n<meta name=\"twitter:card\" content=\"summary_large_image\" \/>\n<meta name=\"twitter:label1\" content=\"Est. reading time\" \/>\n\t<meta name=\"twitter:data1\" content=\"1 minut\" \/>\n<script type=\"application\/ld+json\" class=\"yoast-schema-graph\">{\"@context\":\"https:\\\/\\\/schema.org\",\"@graph\":[{\"@type\":\"WebPage\",\"@id\":\"https:\\\/\\\/markjurgen24.thkit.ee\\\/wp\\\/case-vahendid\\\/\",\"url\":\"https:\\\/\\\/markjurgen24.thkit.ee\\\/wp\\\/case-vahendid\\\/\",\"name\":\"CASE Vahendid - Mark J&uuml;rgen Portfoolio\",\"isPartOf\":{\"@id\":\"https:\\\/\\\/markjurgen24.thkit.ee\\\/wp\\\/#website\"},\"primaryImageOfPage\":{\"@id\":\"https:\\\/\\\/markjurgen24.thkit.ee\\\/wp\\\/case-vahendid\\\/#primaryimage\"},\"image\":{\"@id\":\"https:\\\/\\\/markjurgen24.thkit.ee\\\/wp\\\/case-vahendid\\\/#primaryimage\"},\"thumbnailUrl\":\"https:\\\/\\\/markjurgen24.thkit.ee\\\/wp\\\/wp-content\\\/uploads\\\/2026\\\/03\\\/0313B7A7-8E48-459F-A8B5-9677B141F47C-1024x460.png\",\"datePublished\":\"2026-03-16T08:47:01+00:00\",\"dateModified\":\"2026-03-18T10:22:13+00:00\",\"breadcrumb\":{\"@id\":\"https:\\\/\\\/markjurgen24.thkit.ee\\\/wp\\\/case-vahendid\\\/#breadcrumb\"},\"inLanguage\":\"et\",\"potentialAction\":[{\"@type\":\"ReadAction\",\"target\":[\"https:\\\/\\\/markjurgen24.thkit.ee\\\/wp\\\/case-vahendid\\\/\"]}]},{\"@type\":\"ImageObject\",\"inLanguage\":\"et\",\"@id\":\"https:\\\/\\\/markjurgen24.thkit.ee\\\/wp\\\/case-vahendid\\\/#primaryimage\",\"url\":\"https:\\\/\\\/markjurgen24.thkit.ee\\\/wp\\\/wp-content\\\/uploads\\\/2026\\\/03\\\/0313B7A7-8E48-459F-A8B5-9677B141F47C.png\",\"contentUrl\":\"https:\\\/\\\/markjurgen24.thkit.ee\\\/wp\\\/wp-content\\\/uploads\\\/2026\\\/03\\\/0313B7A7-8E48-459F-A8B5-9677B141F47C.png\",\"width\":1896,\"height\":851},{\"@type\":\"BreadcrumbList\",\"@id\":\"https:\\\/\\\/markjurgen24.thkit.ee\\\/wp\\\/case-vahendid\\\/#breadcrumb\",\"itemListElement\":[{\"@type\":\"ListItem\",\"position\":1,\"name\":\"Home\",\"item\":\"https:\\\/\\\/markjurgen24.thkit.ee\\\/wp\\\/\"},{\"@type\":\"ListItem\",\"position\":2,\"name\":\"CASE Vahendid\"}]},{\"@type\":\"WebSite\",\"@id\":\"https:\\\/\\\/markjurgen24.thkit.ee\\\/wp\\\/#website\",\"url\":\"https:\\\/\\\/markjurgen24.thkit.ee\\\/wp\\\/\",\"name\":\"Mark J&uuml;rgen Portfoolio\",\"description\":\"Noorem tarkvaraarendaja\",\"potentialAction\":[{\"@type\":\"SearchAction\",\"target\":{\"@type\":\"EntryPoint\",\"urlTemplate\":\"https:\\\/\\\/markjurgen24.thkit.ee\\\/wp\\\/?s={search_term_string}\"},\"query-input\":{\"@type\":\"PropertyValueSpecification\",\"valueRequired\":true,\"valueName\":\"search_term_string\"}}],\"inLanguage\":\"et\"}]}<\/script>\n<!-- \/ Yoast SEO plugin. -->","yoast_head_json":{"title":"CASE Vahendid - Mark J&uuml;rgen Portfoolio","robots":{"index":"index","follow":"follow","max-snippet":"max-snippet:-1","max-image-preview":"max-image-preview:large","max-video-preview":"max-video-preview:-1"},"canonical":"https:\/\/markjurgen24.thkit.ee\/wp\/case-vahendid\/","og_locale":"et_EE","og_type":"article","og_title":"CASE Vahendid - Mark J&uuml;rgen Portfoolio","og_description":"CASE-vahendeid v\u00f5ib nende konkreetse otstarbe j\u00e4rgi klassifitseerida mitmel viisil. S\u00fcsteemiarenduse eluts\u00fcklit toetavad CASE-vahendid jaotatakse n\u00e4iteks kahte kategooriasse: CASE vahendid v\u00f5ivad olla m\u00f5ne kitsa tegevuse toetuseks, kuid uuem suund on vahendid integreerida, et s\u00fcsteemiarenduse erinevatel etappidel loodud dokumentatsioon, mudelid, kood, testid jne oleksid paremini omavahel seostatavad. Seet\u00f5ttu on \u00fchte tarkvarasse \u00fchendatud ka alumise ja \u00fclemise taseme &hellip; Loe edasi CASE Vahendid &rarr;","og_url":"https:\/\/markjurgen24.thkit.ee\/wp\/case-vahendid\/","og_site_name":"Mark J&uuml;rgen Portfoolio","article_modified_time":"2026-03-18T10:22:13+00:00","og_image":[{"width":1896,"height":851,"url":"https:\/\/markjurgen24.thkit.ee\/wp\/wp-content\/uploads\/2026\/03\/0313B7A7-8E48-459F-A8B5-9677B141F47C.png","type":"image\/png"}],"twitter_card":"summary_large_image","twitter_misc":{"Est. reading time":"1 minut"},"schema":{"@context":"https:\/\/schema.org","@graph":[{"@type":"WebPage","@id":"https:\/\/markjurgen24.thkit.ee\/wp\/case-vahendid\/","url":"https:\/\/markjurgen24.thkit.ee\/wp\/case-vahendid\/","name":"CASE Vahendid - Mark J&uuml;rgen Portfoolio","isPartOf":{"@id":"https:\/\/markjurgen24.thkit.ee\/wp\/#website"},"primaryImageOfPage":{"@id":"https:\/\/markjurgen24.thkit.ee\/wp\/case-vahendid\/#primaryimage"},"image":{"@id":"https:\/\/markjurgen24.thkit.ee\/wp\/case-vahendid\/#primaryimage"},"thumbnailUrl":"https:\/\/markjurgen24.thkit.ee\/wp\/wp-content\/uploads\/2026\/03\/0313B7A7-8E48-459F-A8B5-9677B141F47C-1024x460.png","datePublished":"2026-03-16T08:47:01+00:00","dateModified":"2026-03-18T10:22:13+00:00","breadcrumb":{"@id":"https:\/\/markjurgen24.thkit.ee\/wp\/case-vahendid\/#breadcrumb"},"inLanguage":"et","potentialAction":[{"@type":"ReadAction","target":["https:\/\/markjurgen24.thkit.ee\/wp\/case-vahendid\/"]}]},{"@type":"ImageObject","inLanguage":"et","@id":"https:\/\/markjurgen24.thkit.ee\/wp\/case-vahendid\/#primaryimage","url":"https:\/\/markjurgen24.thkit.ee\/wp\/wp-content\/uploads\/2026\/03\/0313B7A7-8E48-459F-A8B5-9677B141F47C.png","contentUrl":"https:\/\/markjurgen24.thkit.ee\/wp\/wp-content\/uploads\/2026\/03\/0313B7A7-8E48-459F-A8B5-9677B141F47C.png","width":1896,"height":851},{"@type":"BreadcrumbList","@id":"https:\/\/markjurgen24.thkit.ee\/wp\/case-vahendid\/#breadcrumb","itemListElement":[{"@type":"ListItem","position":1,"name":"Home","item":"https:\/\/markjurgen24.thkit.ee\/wp\/"},{"@type":"ListItem","position":2,"name":"CASE Vahendid"}]},{"@type":"WebSite","@id":"https:\/\/markjurgen24.thkit.ee\/wp\/#website","url":"https:\/\/markjurgen24.thkit.ee\/wp\/","name":"Mark J&uuml;rgen Portfoolio","description":"Noorem tarkvaraarendaja","potentialAction":[{"@type":"SearchAction","target":{"@type":"EntryPoint","urlTemplate":"https:\/\/markjurgen24.thkit.ee\/wp\/?s={search_term_string}"},"query-input":{"@type":"PropertyValueSpecification","valueRequired":true,"valueName":"search_term_string"}}],"inLanguage":"et"}]}},"_links":{"self":[{"href":"https:\/\/markjurgen24.thkit.ee\/wp\/wp-json\/wp\/v2\/pages\/1242","targetHints":{"allow":["GET"]}}],"collection":[{"href":"https:\/\/markjurgen24.thkit.ee\/wp\/wp-json\/wp\/v2\/pages"}],"about":[{"href":"https:\/\/markjurgen24.thkit.ee\/wp\/wp-json\/wp\/v2\/types\/page"}],"author":[{"embeddable":true,"href":"https:\/\/markjurgen24.thkit.ee\/wp\/wp-json\/wp\/v2\/users\/1"}],"replies":[{"embeddable":true,"href":"https:\/\/markjurgen24.thkit.ee\/wp\/wp-json\/wp\/v2\/comments?post=1242"}],"version-history":[{"count":6,"href":"https:\/\/markjurgen24.thkit.ee\/wp\/wp-json\/wp\/v2\/pages\/1242\/revisions"}],"predecessor-version":[{"id":1254,"href":"https:\/\/markjurgen24.thkit.ee\/wp\/wp-json\/wp\/v2\/pages\/1242\/revisions\/1254"}],"wp:attachment":[{"href":"https:\/\/markjurgen24.thkit.ee\/wp\/wp-json\/wp\/v2\/media?parent=1242"}],"curies":[{"name":"wp","href":"https:\/\/api.w.org\/{rel}","templated":true}]}}