{"id":1194,"date":"2026-03-09T10:31:40","date_gmt":"2026-03-09T08:31:40","guid":{"rendered":"https:\/\/markjurgen24.thkit.ee\/wp\/?page_id=1194"},"modified":"2026-03-11T13:03:33","modified_gmt":"2026-03-11T11:03:33","slug":"uml-skeemid","status":"publish","type":"page","link":"https:\/\/markjurgen24.thkit.ee\/wp\/uml-skeemid\/","title":{"rendered":"UML skeemid"},"content":{"rendered":"\n<p>UML (Unified Modeling Language) &#8211; modeleerimiskeel (2.0)<br><strong>UML &#8211; \u044f\u0437\u044b\u043a \u043c\u043e\u0434\u0435\u043b\u0438\u0440\u043e\u0432\u0430\u043d\u0438\u044f<\/strong><\/p>\n\n\n\n<p>UML kasutab:<br>\u0444\u0438\u0433\u0443\u0440\u044b\/kujundid<br>\/jooned<br>\u0437\u043d\u0430\u0447\u043a\u0438\/m\u00e4rgid<br>\u043d\u0430\u0434\u043f\u0438\u0441\u0438\/pealdised<br><\/p>\n\n\n\n<p><strong>UML diagrammide t\u00fc\u00fcbid:<\/strong><\/p>\n\n\n\n<p>1.<a href=\"https:\/\/merkulova.thkit.ee\/ta\/andmebaasi-skeem\/\">\u0434\u0438\u0430\u0433\u0440\u0430\u043c\u043c\u0430 \u0431\u0430\u0437 \u0434\u0430\u043d\u043d\u044b\u0445<\/a>&nbsp;\u2013 \u0441\u0445\u0435\u043c\u0430 \u0434\u0430\u043d\u043d\u044b\u0445<br>2.\u0434\u0438\u0430\u0433\u0440\u0430\u043c\u043c\u0430 \u043f\u0440\u0435\u0446\u0435\u0434\u0435\u043d\u0442\u043e\u0432;<br>3. \u0434\u0438\u0430\u0433\u0440\u0430\u043c\u043c\u0430 \u043a\u043b\u0430\u0441\u0441\u043e\u0432;<br>4.\u0434\u0438\u0430\u0433\u0440\u0430\u043c\u043c\u0430 \u043e\u0431\u044a\u0435\u043a\u0442\u043e\u0432;<br>5.\u0434\u0438\u0430\u0433\u0440\u0430\u043c\u043c\u0430 \u043f\u043e\u0441\u043b\u0435\u0434\u043e\u0432\u0430\u0442\u0435\u043b\u044c\u043d\u043e\u0441\u0442\u0435\u0439;<br>6.\u0434\u0438\u0430\u0433\u0440\u0430\u043c\u043c\u0430 \u0432\u0437\u0430\u0438\u043c\u043e\u0434\u0435\u0439\u0441\u0442\u0432\u0438\u044f;<br>7.\u0434\u0438\u0430\u0433\u0440\u0430\u043c\u043c\u0430 \u0441\u043e\u0441\u0442\u043e\u044f\u043d\u0438\u0439;<br>8.\u0434\u0438\u0430\u0433\u0440\u0430\u043c\u043c\u0430 \u0430\u043a\u0442\u0438\u0432\u043d\u043e\u0441\u0442\u0438;<br>9.\u0434\u0438\u0430\u0433\u0440\u0430\u043c\u043c\u0430 \u0440\u0430\u0437\u0432\u0435\u0440\u0442\u044b\u0432\u0430\u043d\u0438\u044f.<\/p>\n\n\n\n<p><strong><em><a href=\"https:\/\/markjurgen24.thkit.ee\/wp\/use-case-diagramm\/\">Kasutuslooskeem<\/a><a href=\"https:\/\/merkulova.thkit.ee\/ta\/%d0%b4%d0%b8%d0%b0%d0%b3%d1%80%d0%b0%d0%bc%d0%bc%d0%b0-%d0%bf%d1%80%d0%b5%d1%86%d0%b5%d0%b4%d0%b5%d0%bd%d1%82%d0%be%d0%b2\/\">&nbsp;<\/a>(Use case diagram)<\/em><\/strong>&nbsp;\u0434\u0438\u0430\u0433\u0440\u0430\u043c\u043c\u0430 \u043f\u0440\u0435\u0446\u0435\u0434\u0435\u043d\u0442\u043e\u0432: Kasutuslooskeeme kasutatakse s\u00fcsteemi moodustavate t\u00e4htsaimate elementide ja protsesside m\u00e4\u00e4ramiseks. Primaarelemente nimetatakse \u201caktoriteks\u201d (\u044d\u043a\u0442\u043e\u0440) ning protsesse \u201ckasutuslugudeks\u201d (\u043f\u0440\u0435\u0446\u0435\u0434\u0435\u043d\u0442). Kasutuslooskeem n\u00e4itab, millised aktorid suhtlevad iga kasutususlooga.<\/p>\n\n\n\n<p><strong><em>Klassiskeem (Class diagram)<\/em><\/strong><em>:&nbsp;<\/em> \u0434\u0438\u0430\u0433\u0440\u0430\u043c\u043c\u0430 \u043a\u043b\u0430\u0441\u0441\u043e\u0432: Klassiskeemi kasutatakse n\u00f6. kasutuslooskeemi viimistlemiseks ning \u00fcksikasjaliku s\u00fcsteemidisaini m\u00e4\u00e4ramiseks. Klassiskeem liigitab kasutuslooskeemil m\u00e4\u00e4ratud aktorid omavahel seotud klasside kogumiks. Klassidevaheline suhe v\u00f5i assotsiatsioon v\u00f5ib olla kas \u201con\u201d v\u00f5i \u201comab\u201d t\u00fc\u00fcpi. Iga klassiskeemil toodud klass on v\u00f5imeline pakkuma teatud funktsionaalsust. Neid nimetatakse klassi meetoditeks. Lisaks sellele on igal klassil olemas rida atribuute mis m\u00e4\u00e4ravad klassi \u00fcheselt.<\/p>\n\n\n\n<p><strong><em>Objektiskeem (Object diagram<\/em><\/strong><em>):&nbsp;<\/em>\u0434\u0438\u0430\u0433\u0440\u0430\u043c\u043c\u0430 \u043e\u0431\u044a\u0435\u043a\u0442\u043e\u0432: objektskeem on teatud t\u00fc\u00fcpi klassiskeem. Objekt esitab klassi olekut teatud ajahetkel s\u00fcsteemi t\u00f6\u00f6 k\u00e4igus. Objektiskeem esitab s\u00fcsteemi erinevate klasside olekuid ning nendevahelisi relatsioone v\u00f5i assotsiatsioone teatud ajahetkel.<\/p>\n\n\n\n<p><strong><em>Olekuskeem (State Diagram):<\/em><\/strong>\u0434\u0438\u0430\u0433\u0440\u0430\u043c\u043c\u0430 \u0441\u043e\u0441\u0442\u043e\u044f\u043d\u0438\u0439:&nbsp;nagu ka nimi \u00fctleb n\u00e4itab olekuskeem erinevaid olekuid, mida l\u00e4bivad s\u00fcsteemis olevad objektid oma eluts\u00fckli jooksul. S\u00fcsteemis olevad objektid muudavad oma olekut vastavalt s\u00fcsteemis toimuvatele s\u00fcndmustele. Lisaks sellele n\u00e4itab olekuskeem ka objekti oleku \u00fcleminekut algolekust l\u00f5ppolekusse vastavalt s\u00fcsteemi m\u00f5jutavatele s\u00fcndmustele.<\/p>\n\n\n\n<p><strong><a href=\"https:\/\/markjurgen24.thkit.ee\/wp\/tegevusskeem\/\">Tegevusskeem&nbsp;<\/a>(Activity diagram):<\/strong>\u0434\u0438\u0430\u0433\u0440\u0430\u043c\u043c\u0430 \u0430\u043a\u0442\u0438\u0432\u043d\u043e\u0441\u0442\u0438:&nbsp;protsesside kulgemist s\u00fcsteemis kirjeldatakse tegevusskeemi abil. Sarnaselt olekuskeemile koosneb ka tegevusskeem toimingutest, tegevustest, \u00fcleminekutest, alg- ja l\u00f5ppolekust ning t\u00f5kisetingimustest<\/p>\n\n\n\n<p><strong><em><a href=\"https:\/\/markjurgen24.thkit.ee\/wp\/jadaskeem\/\" type=\"link\" id=\"https:\/\/markjurgen24.thkit.ee\/wp\/jadaskeem\/\">Jadaskeem (Sequence diagram):<\/a> <\/em><\/strong><em>\u0434\u0438\u0430\u0433\u0440\u0430\u043c\u043c\u0430 \u043f\u043e\u0441\u043b\u0435\u0434\u043e\u0432\u0430\u0442\u0435\u043b\u044c\u043d\u043e\u0441\u0442\u0435\u0439<\/em>:<strong><em>\u00a0<\/em><\/strong>jadaskeem esitab s\u00fcsteemi objektide omavahelist suhtlemist. Jadaskeemi oluliseks omaduseks on selle ajaline j\u00e4rjestus. S.o. esitatakse samm-sammult t\u00e4pne objektide vaheline interaktsioon. Erinevad objektid jadaskeemil suhtlevad omavahel \u201cs\u00f5numite\u201d edastamise kaudu.<\/p>\n\n\n\n<p><strong><em>Koost\u00f6\u00f6skeem (Collaboration diagram):<\/em><\/strong>&nbsp;\u0434\u0438\u0430\u0433\u0440\u0430\u043c\u043c\u0430 \u0432\u0437\u0430\u0438\u043c\u043e\u0434\u0435\u0439\u0441\u0442\u0432\u0438\u044f: koost\u00f6\u00f6skeem grupeerib erinevate objektide vahelise interaktsiooni. Interaktsioonid esitatakse nummerdatuna, mis lubab j\u00e4lgida nende toimumise j\u00e4rjekorda. Koost\u00f6\u00f6skeem lubab kindlaks teha k\u00f5ikv\u00f5imalikud interaktsioonid mis igat objekti teistega seovad.<\/p>\n\n\n\n<p><strong><em>Komponentskeem (Component diagram):<\/em><\/strong>&nbsp;\u0434\u0438\u0430\u0433\u0440\u0430\u043c\u043c\u0430 \u0440\u0430\u0437\u0432\u0435\u0440\u0442\u044b\u0432\u0430\u043d\u0438\u044f: komponentskeemi abil kujutatakse k\u00f5rgtaseme osi, millest s\u00fcsteem koosneb. See skeem esitab millised komponendid s\u00fcsteemi moodustavad ning kuidas nad omavahel seotud on. Levitusskeem (Deployment diagram): levitusskeemi abil kujutatakse rakenduse k\u00e4itusaegeseid elemente.<\/p>\n\n\n\n<p><strong><em>Olemi \u2013 suhteskeem (<a href=\"https:\/\/markjurgen24.thkit.ee\/wp\/andmebaasi-skeem\/\" type=\"link\" id=\"https:\/\/markjurgen24.thkit.ee\/wp\/andmebaasi-skeem\/\">Database diagram<\/a>, \u0434\u0438\u0430\u0433\u0440\u0430\u043c\u043c\u0430 \u0431\u0430\u0437 \u0434\u0430\u043d\u043d\u044b\u0445 ):<\/em><\/strong><\/p>\n\n\n\n<p><\/p>\n","protected":false},"excerpt":{"rendered":"<p>UML (Unified Modeling Language) &#8211; modeleerimiskeel (2.0)UML &#8211; \u044f\u0437\u044b\u043a \u043c\u043e\u0434\u0435\u043b\u0438\u0440\u043e\u0432\u0430\u043d\u0438\u044f UML kasutab:\u0444\u0438\u0433\u0443\u0440\u044b\/kujundid\/jooned\u0437\u043d\u0430\u0447\u043a\u0438\/m\u00e4rgid\u043d\u0430\u0434\u043f\u0438\u0441\u0438\/pealdised UML diagrammide t\u00fc\u00fcbid: 1.\u0434\u0438\u0430\u0433\u0440\u0430\u043c\u043c\u0430 \u0431\u0430\u0437 \u0434\u0430\u043d\u043d\u044b\u0445&nbsp;\u2013 \u0441\u0445\u0435\u043c\u0430 \u0434\u0430\u043d\u043d\u044b\u04452.\u0434\u0438\u0430\u0433\u0440\u0430\u043c\u043c\u0430 \u043f\u0440\u0435\u0446\u0435\u0434\u0435\u043d\u0442\u043e\u0432;3. \u0434\u0438\u0430\u0433\u0440\u0430\u043c\u043c\u0430 \u043a\u043b\u0430\u0441\u0441\u043e\u0432;4.\u0434\u0438\u0430\u0433\u0440\u0430\u043c\u043c\u0430 \u043e\u0431\u044a\u0435\u043a\u0442\u043e\u0432;5.\u0434\u0438\u0430\u0433\u0440\u0430\u043c\u043c\u0430 \u043f\u043e\u0441\u043b\u0435\u0434\u043e\u0432\u0430\u0442\u0435\u043b\u044c\u043d\u043e\u0441\u0442\u0435\u0439;6.\u0434\u0438\u0430\u0433\u0440\u0430\u043c\u043c\u0430 \u0432\u0437\u0430\u0438\u043c\u043e\u0434\u0435\u0439\u0441\u0442\u0432\u0438\u044f;7.\u0434\u0438\u0430\u0433\u0440\u0430\u043c\u043c\u0430 \u0441\u043e\u0441\u0442\u043e\u044f\u043d\u0438\u0439;8.\u0434\u0438\u0430\u0433\u0440\u0430\u043c\u043c\u0430 \u0430\u043a\u0442\u0438\u0432\u043d\u043e\u0441\u0442\u0438;9.\u0434\u0438\u0430\u0433\u0440\u0430\u043c\u043c\u0430 \u0440\u0430\u0437\u0432\u0435\u0440\u0442\u044b\u0432\u0430\u043d\u0438\u044f. Kasutuslooskeem&nbsp;(Use case diagram)&nbsp;\u0434\u0438\u0430\u0433\u0440\u0430\u043c\u043c\u0430 \u043f\u0440\u0435\u0446\u0435\u0434\u0435\u043d\u0442\u043e\u0432: Kasutuslooskeeme kasutatakse s\u00fcsteemi moodustavate t\u00e4htsaimate elementide ja protsesside m\u00e4\u00e4ramiseks. Primaarelemente nimetatakse \u201caktoriteks\u201d (\u044d\u043a\u0442\u043e\u0440) ning protsesse \u201ckasutuslugudeks\u201d (\u043f\u0440\u0435\u0446\u0435\u0434\u0435\u043d\u0442). Kasutuslooskeem n\u00e4itab, millised aktorid suhtlevad &hellip; <a href=\"https:\/\/markjurgen24.thkit.ee\/wp\/uml-skeemid\/\" class=\"more-link\">Loe edasi <span class=\"screen-reader-text\">UML skeemid<\/span> <span class=\"meta-nav\">&rarr;<\/span><\/a><\/p>\n","protected":false},"author":1,"featured_media":0,"parent":0,"menu_order":0,"comment_status":"closed","ping_status":"closed","template":"","meta":{"footnotes":""},"class_list":["post-1194","page","type-page","status-publish","hentry"],"yoast_head":"<!-- This site is optimized with the Yoast SEO plugin v27.3 - https:\/\/yoast.com\/product\/yoast-seo-wordpress\/ -->\n<title>UML skeemid - Mark J&uuml;rgen Portfoolio<\/title>\n<meta name=\"robots\" content=\"index, follow, max-snippet:-1, max-image-preview:large, max-video-preview:-1\" \/>\n<link rel=\"canonical\" href=\"https:\/\/markjurgen24.thkit.ee\/wp\/uml-skeemid\/\" \/>\n<meta property=\"og:locale\" content=\"et_EE\" \/>\n<meta property=\"og:type\" content=\"article\" \/>\n<meta property=\"og:title\" content=\"UML skeemid - Mark J&uuml;rgen Portfoolio\" \/>\n<meta property=\"og:description\" content=\"UML (Unified Modeling Language) &#8211; modeleerimiskeel (2.0)UML &#8211; \u044f\u0437\u044b\u043a \u043c\u043e\u0434\u0435\u043b\u0438\u0440\u043e\u0432\u0430\u043d\u0438\u044f UML kasutab:\u0444\u0438\u0433\u0443\u0440\u044b\/kujundid\/jooned\u0437\u043d\u0430\u0447\u043a\u0438\/m\u00e4rgid\u043d\u0430\u0434\u043f\u0438\u0441\u0438\/pealdised UML diagrammide t\u00fc\u00fcbid: 1.\u0434\u0438\u0430\u0433\u0440\u0430\u043c\u043c\u0430 \u0431\u0430\u0437 \u0434\u0430\u043d\u043d\u044b\u0445&nbsp;\u2013 \u0441\u0445\u0435\u043c\u0430 \u0434\u0430\u043d\u043d\u044b\u04452.\u0434\u0438\u0430\u0433\u0440\u0430\u043c\u043c\u0430 \u043f\u0440\u0435\u0446\u0435\u0434\u0435\u043d\u0442\u043e\u0432;3. \u0434\u0438\u0430\u0433\u0440\u0430\u043c\u043c\u0430 \u043a\u043b\u0430\u0441\u0441\u043e\u0432;4.\u0434\u0438\u0430\u0433\u0440\u0430\u043c\u043c\u0430 \u043e\u0431\u044a\u0435\u043a\u0442\u043e\u0432;5.\u0434\u0438\u0430\u0433\u0440\u0430\u043c\u043c\u0430 \u043f\u043e\u0441\u043b\u0435\u0434\u043e\u0432\u0430\u0442\u0435\u043b\u044c\u043d\u043e\u0441\u0442\u0435\u0439;6.\u0434\u0438\u0430\u0433\u0440\u0430\u043c\u043c\u0430 \u0432\u0437\u0430\u0438\u043c\u043e\u0434\u0435\u0439\u0441\u0442\u0432\u0438\u044f;7.\u0434\u0438\u0430\u0433\u0440\u0430\u043c\u043c\u0430 \u0441\u043e\u0441\u0442\u043e\u044f\u043d\u0438\u0439;8.\u0434\u0438\u0430\u0433\u0440\u0430\u043c\u043c\u0430 \u0430\u043a\u0442\u0438\u0432\u043d\u043e\u0441\u0442\u0438;9.\u0434\u0438\u0430\u0433\u0440\u0430\u043c\u043c\u0430 \u0440\u0430\u0437\u0432\u0435\u0440\u0442\u044b\u0432\u0430\u043d\u0438\u044f. Kasutuslooskeem&nbsp;(Use case diagram)&nbsp;\u0434\u0438\u0430\u0433\u0440\u0430\u043c\u043c\u0430 \u043f\u0440\u0435\u0446\u0435\u0434\u0435\u043d\u0442\u043e\u0432: Kasutuslooskeeme kasutatakse s\u00fcsteemi moodustavate t\u00e4htsaimate elementide ja protsesside m\u00e4\u00e4ramiseks. Primaarelemente nimetatakse \u201caktoriteks\u201d (\u044d\u043a\u0442\u043e\u0440) ning protsesse \u201ckasutuslugudeks\u201d (\u043f\u0440\u0435\u0446\u0435\u0434\u0435\u043d\u0442). Kasutuslooskeem n\u00e4itab, millised aktorid suhtlevad &hellip; Loe edasi UML skeemid &rarr;\" \/>\n<meta property=\"og:url\" content=\"https:\/\/markjurgen24.thkit.ee\/wp\/uml-skeemid\/\" \/>\n<meta property=\"og:site_name\" content=\"Mark J&uuml;rgen Portfoolio\" \/>\n<meta property=\"article:modified_time\" content=\"2026-03-11T11:03:33+00:00\" \/>\n<meta name=\"twitter:card\" content=\"summary_large_image\" \/>\n<meta name=\"twitter:label1\" content=\"Est. reading time\" \/>\n\t<meta name=\"twitter:data1\" content=\"2 minutit\" \/>\n<script type=\"application\/ld+json\" class=\"yoast-schema-graph\">{\"@context\":\"https:\\\/\\\/schema.org\",\"@graph\":[{\"@type\":\"WebPage\",\"@id\":\"https:\\\/\\\/markjurgen24.thkit.ee\\\/wp\\\/uml-skeemid\\\/\",\"url\":\"https:\\\/\\\/markjurgen24.thkit.ee\\\/wp\\\/uml-skeemid\\\/\",\"name\":\"UML skeemid - Mark J&uuml;rgen Portfoolio\",\"isPartOf\":{\"@id\":\"https:\\\/\\\/markjurgen24.thkit.ee\\\/wp\\\/#website\"},\"datePublished\":\"2026-03-09T08:31:40+00:00\",\"dateModified\":\"2026-03-11T11:03:33+00:00\",\"breadcrumb\":{\"@id\":\"https:\\\/\\\/markjurgen24.thkit.ee\\\/wp\\\/uml-skeemid\\\/#breadcrumb\"},\"inLanguage\":\"et\",\"potentialAction\":[{\"@type\":\"ReadAction\",\"target\":[\"https:\\\/\\\/markjurgen24.thkit.ee\\\/wp\\\/uml-skeemid\\\/\"]}]},{\"@type\":\"BreadcrumbList\",\"@id\":\"https:\\\/\\\/markjurgen24.thkit.ee\\\/wp\\\/uml-skeemid\\\/#breadcrumb\",\"itemListElement\":[{\"@type\":\"ListItem\",\"position\":1,\"name\":\"Home\",\"item\":\"https:\\\/\\\/markjurgen24.thkit.ee\\\/wp\\\/\"},{\"@type\":\"ListItem\",\"position\":2,\"name\":\"UML skeemid\"}]},{\"@type\":\"WebSite\",\"@id\":\"https:\\\/\\\/markjurgen24.thkit.ee\\\/wp\\\/#website\",\"url\":\"https:\\\/\\\/markjurgen24.thkit.ee\\\/wp\\\/\",\"name\":\"Mark J&uuml;rgen Portfoolio\",\"description\":\"Noorem tarkvaraarendaja\",\"potentialAction\":[{\"@type\":\"SearchAction\",\"target\":{\"@type\":\"EntryPoint\",\"urlTemplate\":\"https:\\\/\\\/markjurgen24.thkit.ee\\\/wp\\\/?s={search_term_string}\"},\"query-input\":{\"@type\":\"PropertyValueSpecification\",\"valueRequired\":true,\"valueName\":\"search_term_string\"}}],\"inLanguage\":\"et\"}]}<\/script>\n<!-- \/ Yoast SEO plugin. -->","yoast_head_json":{"title":"UML skeemid - Mark J&uuml;rgen Portfoolio","robots":{"index":"index","follow":"follow","max-snippet":"max-snippet:-1","max-image-preview":"max-image-preview:large","max-video-preview":"max-video-preview:-1"},"canonical":"https:\/\/markjurgen24.thkit.ee\/wp\/uml-skeemid\/","og_locale":"et_EE","og_type":"article","og_title":"UML skeemid - Mark J&uuml;rgen Portfoolio","og_description":"UML (Unified Modeling Language) &#8211; modeleerimiskeel (2.0)UML &#8211; \u044f\u0437\u044b\u043a \u043c\u043e\u0434\u0435\u043b\u0438\u0440\u043e\u0432\u0430\u043d\u0438\u044f UML kasutab:\u0444\u0438\u0433\u0443\u0440\u044b\/kujundid\/jooned\u0437\u043d\u0430\u0447\u043a\u0438\/m\u00e4rgid\u043d\u0430\u0434\u043f\u0438\u0441\u0438\/pealdised UML diagrammide t\u00fc\u00fcbid: 1.\u0434\u0438\u0430\u0433\u0440\u0430\u043c\u043c\u0430 \u0431\u0430\u0437 \u0434\u0430\u043d\u043d\u044b\u0445&nbsp;\u2013 \u0441\u0445\u0435\u043c\u0430 \u0434\u0430\u043d\u043d\u044b\u04452.\u0434\u0438\u0430\u0433\u0440\u0430\u043c\u043c\u0430 \u043f\u0440\u0435\u0446\u0435\u0434\u0435\u043d\u0442\u043e\u0432;3. \u0434\u0438\u0430\u0433\u0440\u0430\u043c\u043c\u0430 \u043a\u043b\u0430\u0441\u0441\u043e\u0432;4.\u0434\u0438\u0430\u0433\u0440\u0430\u043c\u043c\u0430 \u043e\u0431\u044a\u0435\u043a\u0442\u043e\u0432;5.\u0434\u0438\u0430\u0433\u0440\u0430\u043c\u043c\u0430 \u043f\u043e\u0441\u043b\u0435\u0434\u043e\u0432\u0430\u0442\u0435\u043b\u044c\u043d\u043e\u0441\u0442\u0435\u0439;6.\u0434\u0438\u0430\u0433\u0440\u0430\u043c\u043c\u0430 \u0432\u0437\u0430\u0438\u043c\u043e\u0434\u0435\u0439\u0441\u0442\u0432\u0438\u044f;7.\u0434\u0438\u0430\u0433\u0440\u0430\u043c\u043c\u0430 \u0441\u043e\u0441\u0442\u043e\u044f\u043d\u0438\u0439;8.\u0434\u0438\u0430\u0433\u0440\u0430\u043c\u043c\u0430 \u0430\u043a\u0442\u0438\u0432\u043d\u043e\u0441\u0442\u0438;9.\u0434\u0438\u0430\u0433\u0440\u0430\u043c\u043c\u0430 \u0440\u0430\u0437\u0432\u0435\u0440\u0442\u044b\u0432\u0430\u043d\u0438\u044f. Kasutuslooskeem&nbsp;(Use case diagram)&nbsp;\u0434\u0438\u0430\u0433\u0440\u0430\u043c\u043c\u0430 \u043f\u0440\u0435\u0446\u0435\u0434\u0435\u043d\u0442\u043e\u0432: Kasutuslooskeeme kasutatakse s\u00fcsteemi moodustavate t\u00e4htsaimate elementide ja protsesside m\u00e4\u00e4ramiseks. Primaarelemente nimetatakse \u201caktoriteks\u201d (\u044d\u043a\u0442\u043e\u0440) ning protsesse \u201ckasutuslugudeks\u201d (\u043f\u0440\u0435\u0446\u0435\u0434\u0435\u043d\u0442). Kasutuslooskeem n\u00e4itab, millised aktorid suhtlevad &hellip; Loe edasi UML skeemid &rarr;","og_url":"https:\/\/markjurgen24.thkit.ee\/wp\/uml-skeemid\/","og_site_name":"Mark J&uuml;rgen Portfoolio","article_modified_time":"2026-03-11T11:03:33+00:00","twitter_card":"summary_large_image","twitter_misc":{"Est. reading time":"2 minutit"},"schema":{"@context":"https:\/\/schema.org","@graph":[{"@type":"WebPage","@id":"https:\/\/markjurgen24.thkit.ee\/wp\/uml-skeemid\/","url":"https:\/\/markjurgen24.thkit.ee\/wp\/uml-skeemid\/","name":"UML skeemid - Mark J&uuml;rgen Portfoolio","isPartOf":{"@id":"https:\/\/markjurgen24.thkit.ee\/wp\/#website"},"datePublished":"2026-03-09T08:31:40+00:00","dateModified":"2026-03-11T11:03:33+00:00","breadcrumb":{"@id":"https:\/\/markjurgen24.thkit.ee\/wp\/uml-skeemid\/#breadcrumb"},"inLanguage":"et","potentialAction":[{"@type":"ReadAction","target":["https:\/\/markjurgen24.thkit.ee\/wp\/uml-skeemid\/"]}]},{"@type":"BreadcrumbList","@id":"https:\/\/markjurgen24.thkit.ee\/wp\/uml-skeemid\/#breadcrumb","itemListElement":[{"@type":"ListItem","position":1,"name":"Home","item":"https:\/\/markjurgen24.thkit.ee\/wp\/"},{"@type":"ListItem","position":2,"name":"UML skeemid"}]},{"@type":"WebSite","@id":"https:\/\/markjurgen24.thkit.ee\/wp\/#website","url":"https:\/\/markjurgen24.thkit.ee\/wp\/","name":"Mark J&uuml;rgen Portfoolio","description":"Noorem tarkvaraarendaja","potentialAction":[{"@type":"SearchAction","target":{"@type":"EntryPoint","urlTemplate":"https:\/\/markjurgen24.thkit.ee\/wp\/?s={search_term_string}"},"query-input":{"@type":"PropertyValueSpecification","valueRequired":true,"valueName":"search_term_string"}}],"inLanguage":"et"}]}},"_links":{"self":[{"href":"https:\/\/markjurgen24.thkit.ee\/wp\/wp-json\/wp\/v2\/pages\/1194","targetHints":{"allow":["GET"]}}],"collection":[{"href":"https:\/\/markjurgen24.thkit.ee\/wp\/wp-json\/wp\/v2\/pages"}],"about":[{"href":"https:\/\/markjurgen24.thkit.ee\/wp\/wp-json\/wp\/v2\/types\/page"}],"author":[{"embeddable":true,"href":"https:\/\/markjurgen24.thkit.ee\/wp\/wp-json\/wp\/v2\/users\/1"}],"replies":[{"embeddable":true,"href":"https:\/\/markjurgen24.thkit.ee\/wp\/wp-json\/wp\/v2\/comments?post=1194"}],"version-history":[{"count":5,"href":"https:\/\/markjurgen24.thkit.ee\/wp\/wp-json\/wp\/v2\/pages\/1194\/revisions"}],"predecessor-version":[{"id":1222,"href":"https:\/\/markjurgen24.thkit.ee\/wp\/wp-json\/wp\/v2\/pages\/1194\/revisions\/1222"}],"wp:attachment":[{"href":"https:\/\/markjurgen24.thkit.ee\/wp\/wp-json\/wp\/v2\/media?parent=1194"}],"curies":[{"name":"wp","href":"https:\/\/api.w.org\/{rel}","templated":true}]}}