{"id":753,"date":"2025-10-30T10:25:34","date_gmt":"2025-10-30T10:25:34","guid":{"rendered":"https:\/\/markjurgen24.thkit.ee\/wp\/eng\/?page_id=753"},"modified":"2025-10-30T10:30:58","modified_gmt":"2025-10-30T10:30:58","slug":"dictionary","status":"publish","type":"page","link":"https:\/\/markjurgen24.thkit.ee\/wp\/eng\/dictionary\/","title":{"rendered":"Dictionary"},"content":{"rendered":"<div class=\"dictionary\">\r\n\t<nav class=\"letters\"><a href=\"?letter=4\" class=\"letter \">B<\/a><a href=\"?letter=5\" class=\"letter \">C<\/a><a href=\"?letter=6\" class=\"letter \">F<\/a><a href=\"?letter=7\" class=\"letter \">H<\/a><a href=\"?letter=8\" class=\"letter \">I<\/a><a href=\"?letter=9\" class=\"letter \">J<\/a><a href=\"?letter=10\" class=\"letter \">M<\/a><a href=\"?letter=11\" class=\"letter \">N<\/a><a href=\"?letter=12\" class=\"letter \">S<\/a><a href=\"?letter=13\" class=\"letter \">T<\/a><a href=\"?letter=14\" class=\"letter \">\u00dc<\/a><\/nav><div class=\"terms\"><div class=\"term\"><strong>Body<\/strong>  - &lt;body&gt; - Lehek\u00fclje p\u00f5hisisu osa, kus paikneb kogu n\u00e4htav sisu.<\/div><div class=\"term\"><strong>CSS<\/strong>  - Cascading Stylesheets - veebilehe kujunduse loomiseks loodud<\/div><div class=\"term\"><strong>Footer<\/strong>  - &lt;footer&gt; - HTML element, kus pannakse veebilehe jalus.<\/div><div class=\"term\"><strong>Form<\/strong>  - &lt;form&gt; - Vorm, mis kogub ja edastab kasutaja sisestatud andmeid serverile.<\/div><div class=\"term\"><strong>h1<\/strong>  - &lt;h1&gt; - Peamine pealkiri, mis t\u00e4histab lehek\u00fclje v\u00f5i sektsiooni t\u00e4htsaimat osa.<\/div><div class=\"term\"><strong>Header<\/strong>  - &lt;header&gt; - see on HTML element, kuhu pannakse veebilehe p\u00e4is.<\/div><div class=\"term\"><strong>HTML<\/strong>  - <ul>\n \t<li>Hypertext Markup Language<\/li>\n<\/ul><\/div><div class=\"term\"><strong>Input<\/strong>  - <p data-start=\"356\" data-end=\"418\">&lt;Input&gt; - Sisendv\u00e4li andmete sisestamiseks, nt tekst, e-post v\u00f5i parool.<\/p>\n\n<ul>\n \t<li>&lt;input type=\"text\" name=\"eesnimi\" placeholder=\"Sisesta eesnimi\"&gt;<\/li>\n \t<li>&lt;input type=\"email\" name=\"email\" placeholder=\"Sisesta e-post\"&gt;<\/li>\n \t<li>&lt;input type=\"password\" name=\"parool\" placeholder=\"Sisesta parool\"&gt;<\/li>\n<\/ul>\n<div class=\"sticky top-9\">\n<div class=\"absolute end-0 bottom-0 flex h-9 items-center pe-2\">\n<div class=\"bg-token-bg-elevated-secondary text-token-text-secondary flex items-center gap-4 rounded-sm px-2 font-sans text-xs\"><\/div>\n<\/div>\n<\/div>\n<div class=\"overflow-y-auto p-4\" dir=\"ltr\"><\/div><\/div><div class=\"term\"><strong>JavaScript<\/strong>  - <ul>\n \t<li data-start=\"71\" data-end=\"167\">\n<p data-start=\"74\" data-end=\"167\">JavaScript on programmeerimiskeel, mida kasutatakse veebilehtede interaktiivsuse loomiseks.<\/p>\n<\/li>\n \t<li data-start=\"168\" data-end=\"247\">\n<p data-start=\"171\" data-end=\"247\">Sellega saab muuta lehe sisu ja reageerida kasutaja tegevustele reaalajas.<\/p>\n<\/li>\n \t<li data-start=\"248\" data-end=\"317\">\n<p data-start=\"251\" data-end=\"317\">JavaScript t\u00f6\u00f6tab otse veebibrauseris ilma eraldi tarkvara vaja.<\/p>\n<\/li>\n<\/ul><\/div><div class=\"term\"><strong>Main<\/strong>  - <ul>\n \t<li>&lt;main&gt; - Lehek\u00fclje p\u00f5hisisu, mis sisaldab ainulaadset ja t\u00e4htsat sisu.<\/li>\n<\/ul><\/div><\/div><div class=\"td-pagination\"><span aria-current=\"page\" class=\"page-numbers current\">1<\/span>\n<a class=\"page-numbers\" href=\"?page_terms=2\">2<\/a><\/div><\/div>\n\n\n\n<p><\/p>\n","protected":false},"excerpt":{"rendered":"","protected":false},"author":1,"featured_media":0,"parent":0,"menu_order":0,"comment_status":"closed","ping_status":"closed","template":"","meta":{"footnotes":""},"class_list":["post-753","page","type-page","status-publish","hentry"],"yoast_head":"<!-- This site is optimized with the Yoast SEO plugin v27.3 - https:\/\/yoast.com\/product\/yoast-seo-wordpress\/ -->\n<title>Dictionary - Mark Jurgen portfolio | eng<\/title>\n<meta name=\"robots\" content=\"index, follow, max-snippet:-1, max-image-preview:large, max-video-preview:-1\" \/>\n<link rel=\"canonical\" href=\"https:\/\/markjurgen24.thkit.ee\/wp\/eng\/dictionary\/\" \/>\n<meta property=\"og:locale\" content=\"en_GB\" \/>\n<meta property=\"og:type\" content=\"article\" \/>\n<meta property=\"og:title\" content=\"Dictionary - Mark Jurgen portfolio | eng\" \/>\n<meta property=\"og:url\" content=\"https:\/\/markjurgen24.thkit.ee\/wp\/eng\/dictionary\/\" \/>\n<meta property=\"og:site_name\" content=\"Mark Jurgen portfolio | eng\" \/>\n<meta property=\"article:modified_time\" content=\"2025-10-30T10:30:58+00:00\" \/>\n<meta name=\"twitter:card\" content=\"summary_large_image\" \/>\n<script type=\"application\/ld+json\" class=\"yoast-schema-graph\">{\"@context\":\"https:\\\/\\\/schema.org\",\"@graph\":[{\"@type\":\"WebPage\",\"@id\":\"https:\\\/\\\/markjurgen24.thkit.ee\\\/wp\\\/eng\\\/dictionary\\\/\",\"url\":\"https:\\\/\\\/markjurgen24.thkit.ee\\\/wp\\\/eng\\\/dictionary\\\/\",\"name\":\"Dictionary - Mark Jurgen portfolio | eng\",\"isPartOf\":{\"@id\":\"https:\\\/\\\/markjurgen24.thkit.ee\\\/wp\\\/eng\\\/#website\"},\"datePublished\":\"2025-10-30T10:25:34+00:00\",\"dateModified\":\"2025-10-30T10:30:58+00:00\",\"breadcrumb\":{\"@id\":\"https:\\\/\\\/markjurgen24.thkit.ee\\\/wp\\\/eng\\\/dictionary\\\/#breadcrumb\"},\"inLanguage\":\"en-GB\",\"potentialAction\":[{\"@type\":\"ReadAction\",\"target\":[\"https:\\\/\\\/markjurgen24.thkit.ee\\\/wp\\\/eng\\\/dictionary\\\/\"]}]},{\"@type\":\"BreadcrumbList\",\"@id\":\"https:\\\/\\\/markjurgen24.thkit.ee\\\/wp\\\/eng\\\/dictionary\\\/#breadcrumb\",\"itemListElement\":[{\"@type\":\"ListItem\",\"position\":1,\"name\":\"Home\",\"item\":\"https:\\\/\\\/markjurgen24.thkit.ee\\\/wp\\\/eng\\\/\"},{\"@type\":\"ListItem\",\"position\":2,\"name\":\"Dictionary\"}]},{\"@type\":\"WebSite\",\"@id\":\"https:\\\/\\\/markjurgen24.thkit.ee\\\/wp\\\/eng\\\/#website\",\"url\":\"https:\\\/\\\/markjurgen24.thkit.ee\\\/wp\\\/eng\\\/\",\"name\":\"Mark Jurgen portfolio | eng\",\"description\":\"\",\"potentialAction\":[{\"@type\":\"SearchAction\",\"target\":{\"@type\":\"EntryPoint\",\"urlTemplate\":\"https:\\\/\\\/markjurgen24.thkit.ee\\\/wp\\\/eng\\\/?s={search_term_string}\"},\"query-input\":{\"@type\":\"PropertyValueSpecification\",\"valueRequired\":true,\"valueName\":\"search_term_string\"}}],\"inLanguage\":\"en-GB\"}]}<\/script>\n<!-- \/ Yoast SEO plugin. -->","yoast_head_json":{"title":"Dictionary - Mark Jurgen portfolio | eng","robots":{"index":"index","follow":"follow","max-snippet":"max-snippet:-1","max-image-preview":"max-image-preview:large","max-video-preview":"max-video-preview:-1"},"canonical":"https:\/\/markjurgen24.thkit.ee\/wp\/eng\/dictionary\/","og_locale":"en_GB","og_type":"article","og_title":"Dictionary - Mark Jurgen portfolio | eng","og_url":"https:\/\/markjurgen24.thkit.ee\/wp\/eng\/dictionary\/","og_site_name":"Mark Jurgen portfolio | eng","article_modified_time":"2025-10-30T10:30:58+00:00","twitter_card":"summary_large_image","schema":{"@context":"https:\/\/schema.org","@graph":[{"@type":"WebPage","@id":"https:\/\/markjurgen24.thkit.ee\/wp\/eng\/dictionary\/","url":"https:\/\/markjurgen24.thkit.ee\/wp\/eng\/dictionary\/","name":"Dictionary - Mark Jurgen portfolio | eng","isPartOf":{"@id":"https:\/\/markjurgen24.thkit.ee\/wp\/eng\/#website"},"datePublished":"2025-10-30T10:25:34+00:00","dateModified":"2025-10-30T10:30:58+00:00","breadcrumb":{"@id":"https:\/\/markjurgen24.thkit.ee\/wp\/eng\/dictionary\/#breadcrumb"},"inLanguage":"en-GB","potentialAction":[{"@type":"ReadAction","target":["https:\/\/markjurgen24.thkit.ee\/wp\/eng\/dictionary\/"]}]},{"@type":"BreadcrumbList","@id":"https:\/\/markjurgen24.thkit.ee\/wp\/eng\/dictionary\/#breadcrumb","itemListElement":[{"@type":"ListItem","position":1,"name":"Home","item":"https:\/\/markjurgen24.thkit.ee\/wp\/eng\/"},{"@type":"ListItem","position":2,"name":"Dictionary"}]},{"@type":"WebSite","@id":"https:\/\/markjurgen24.thkit.ee\/wp\/eng\/#website","url":"https:\/\/markjurgen24.thkit.ee\/wp\/eng\/","name":"Mark Jurgen portfolio | eng","description":"","potentialAction":[{"@type":"SearchAction","target":{"@type":"EntryPoint","urlTemplate":"https:\/\/markjurgen24.thkit.ee\/wp\/eng\/?s={search_term_string}"},"query-input":{"@type":"PropertyValueSpecification","valueRequired":true,"valueName":"search_term_string"}}],"inLanguage":"en-GB"}]}},"_links":{"self":[{"href":"https:\/\/markjurgen24.thkit.ee\/wp\/eng\/wp-json\/wp\/v2\/pages\/753","targetHints":{"allow":["GET"]}}],"collection":[{"href":"https:\/\/markjurgen24.thkit.ee\/wp\/eng\/wp-json\/wp\/v2\/pages"}],"about":[{"href":"https:\/\/markjurgen24.thkit.ee\/wp\/eng\/wp-json\/wp\/v2\/types\/page"}],"author":[{"embeddable":true,"href":"https:\/\/markjurgen24.thkit.ee\/wp\/eng\/wp-json\/wp\/v2\/users\/1"}],"replies":[{"embeddable":true,"href":"https:\/\/markjurgen24.thkit.ee\/wp\/eng\/wp-json\/wp\/v2\/comments?post=753"}],"version-history":[{"count":1,"href":"https:\/\/markjurgen24.thkit.ee\/wp\/eng\/wp-json\/wp\/v2\/pages\/753\/revisions"}],"predecessor-version":[{"id":755,"href":"https:\/\/markjurgen24.thkit.ee\/wp\/eng\/wp-json\/wp\/v2\/pages\/753\/revisions\/755"}],"wp:attachment":[{"href":"https:\/\/markjurgen24.thkit.ee\/wp\/eng\/wp-json\/wp\/v2\/media?parent=753"}],"curies":[{"name":"wp","href":"https:\/\/api.w.org\/{rel}","templated":true}]}}