{"id":470,"date":"2025-05-29T11:38:19","date_gmt":"2025-05-29T08:38:19","guid":{"rendered":"https:\/\/fademarik.wordpress.com\/?page_id=470"},"modified":"2025-05-29T11:38:19","modified_gmt":"2025-05-29T08:38:19","slug":"nosql-andmebaas","status":"publish","type":"page","link":"https:\/\/markjurgen24.thkit.ee\/wp\/eng\/nosql-andmebaas\/","title":{"rendered":"noSQL andmebaas"},"content":{"rendered":"\n<p><\/p>\n\n\n\n<p>Lisame uus andmebaas &#8220;mongo&#8221;<br>Lisame uus Collection &#8220;users&#8221;<\/p>\n\n\n\n<figure class=\"wp-block-image size-large\"><img decoding=\"async\" src=\"https:\/\/fademarik.wordpress.com\/wp-content\/uploads\/2025\/05\/pilt-26.png?w=292\" alt=\"\" class=\"wp-image-471\" \/><\/figure>\n\n\n\n<p>Lisame uue kasutaja (nimi ja vanus)<br><\/p>\n\n\n\n<figure class=\"wp-block-image size-large\"><img decoding=\"async\" src=\"https:\/\/fademarik.wordpress.com\/wp-content\/uploads\/2025\/05\/pilt-27.png?w=763\" alt=\"\" class=\"wp-image-472\" \/><\/figure>\n\n\n\n<p>V\u00e4\u00e4rtuste otsimine erinevate k\u00e4skude abil<\/p>\n\n\n\n<p>K\u00f5ik users<\/p>\n\n\n\n<figure class=\"wp-block-image size-large\"><img decoding=\"async\" src=\"https:\/\/fademarik.wordpress.com\/wp-content\/uploads\/2025\/05\/pilt-28.png?w=402\" alt=\"\" class=\"wp-image-473\" \/><\/figure>\n\n\n\n<p>Ainult age = 20 ja name = Marek, age = 16<\/p>\n\n\n\n<figure class=\"wp-block-image size-large\"><img decoding=\"async\" src=\"https:\/\/fademarik.wordpress.com\/wp-content\/uploads\/2025\/05\/pilt-29.png?w=432\" alt=\"\" class=\"wp-image-474\" \/><\/figure>\n\n\n\n<p>K\u00f5ik users millised on vanem kui 20<\/p>\n\n\n\n<figure class=\"wp-block-image size-large\"><img decoding=\"async\" src=\"https:\/\/fademarik.wordpress.com\/wp-content\/uploads\/2025\/05\/pilt-30.png?w=411\" alt=\"\" class=\"wp-image-475\" \/><\/figure>\n\n\n\n<p>Sorteeri l\u00fchikem vanus kuni vanas<\/p>\n\n\n\n<figure class=\"wp-block-image size-large\"><img decoding=\"async\" src=\"https:\/\/fademarik.wordpress.com\/wp-content\/uploads\/2025\/05\/pilt-31.png?w=427\" alt=\"\" class=\"wp-image-476\" \/><\/figure>\n\n\n\n<p>Leiame user id j\u00e4rgi<\/p>\n\n\n\n<figure class=\"wp-block-image size-large\"><img decoding=\"async\" src=\"https:\/\/fademarik.wordpress.com\/wp-content\/uploads\/2025\/05\/pilt-32.png?w=581\" alt=\"\" class=\"wp-image-477\" \/><\/figure>\n\n\n\n<p>Uuendamine andmed<\/p>\n\n\n\n<figure class=\"wp-block-image size-large\"><img decoding=\"async\" src=\"https:\/\/fademarik.wordpress.com\/wp-content\/uploads\/2025\/05\/pilt-33.png?w=796\" alt=\"\" class=\"wp-image-478\" \/><\/figure>\n\n\n\n<p>Kustuta user<\/p>\n\n\n\n<figure class=\"wp-block-image size-large\"><img decoding=\"async\" src=\"https:\/\/fademarik.wordpress.com\/wp-content\/uploads\/2025\/05\/pilt-34.png?w=294\" alt=\"\" class=\"wp-image-479\" \/><\/figure>\n\n\n\n<h2 class=\"wp-block-heading\">Node.js MongoDB<br>1) Loo MongoDB Atlas konto<\/h2>\n\n\n\n<ul class=\"wp-block-list\">\n<li>Mine lehele\u00a0<a class=\"\" href=\"https:\/\/www.mongodb.com\/cloud\/atlas\">https:\/\/www.mongodb.com\/cloud\/atlas<\/a><\/li>\n\n\n\n<li>Registreeru ja loo tasuta klaster (Free Tier)<\/li>\n<\/ul>\n\n\n\n<h3 class=\"wp-block-heading\">2) Luba IP-aadressid<\/h3>\n\n\n\n<ul class=\"wp-block-list\">\n<li>Ava Atlasis oma klaster<\/li>\n\n\n\n<li>Mine jaotisesse Network Access<\/li>\n\n\n\n<li>Lisa oma IP-aadress v\u00f5i luba k\u00f5ik: 0.0.0.0\/0<\/li>\n<\/ul>\n\n\n\n<h3 class=\"wp-block-heading\">3) Loo andmebaasi kasutaja<\/h3>\n\n\n\n<ul class=\"wp-block-list\">\n<li>Mine Database Access ja lisa kasutajanimi + parool<\/li>\n\n\n\n<li>Neid andmeid on vaja \u00fchenduse loomiseks<\/li>\n<\/ul>\n\n\n\n<h3 class=\"wp-block-heading\">4) Hangi \u00fchenduse string<\/h3>\n\n\n\n<p>Vali draiveriks Node.js ja kopeeri \u00fchenduse URI, nt:<\/p>\n\n\n\n<p>Ava Clusters &gt; Connect &gt; Connect your application<\/p>\n\n\n\n<figure class=\"wp-block-image size-large\"><img decoding=\"async\" src=\"https:\/\/fademarik.wordpress.com\/wp-content\/uploads\/2025\/06\/image.png?w=771\" alt=\"\" class=\"wp-image-508\" \/><\/figure>\n\n\n\n<h2 class=\"wp-block-heading\">5) Paigalda MongoDB kliendimoodul<\/h2>\n\n\n\n<pre class=\"wp-block-syntaxhighlighter-code\">npm install mongodb<\/pre>\n\n\n\n<h2 class=\"wp-block-heading\">\u00dchendu Node.js-is MongoDB-ga<\/h2>\n\n\n\n<p>N\u00e4iteks index.js fail:<\/p>\n\n\n\n<pre class=\"wp-block-syntaxhighlighter-code\">const { MongoClient } = require('mongodb');\n \nconst uri = 'mongodb+srv:\/\/&lt;kasutaja&gt;:&lt;parool&gt;@&lt;klastri_nimi&gt;.mongodb.net\/?retryWrites=true&amp;w=majority';\n \nconst client = new MongoClient(uri);\n \nasync function connectDB() {\n  try {\n    await client.connect();\n    console.log('\u00dchendus MongoDB-ga loodud!');\n  } catch (err) {\n    console.error('\u00dchendus eba\u00f5nnestus:', err);\n  } finally {\n    await client.close();\n  }\n}\n \nconnectDB();<\/pre>\n\n\n\n<p><br><\/p>\n","protected":false},"excerpt":{"rendered":"<p>Lisame uus andmebaas &#8220;mongo&#8221;Lisame uus Collection &#8220;users&#8221; Lisame uue kasutaja (nimi ja vanus) V\u00e4\u00e4rtuste otsimine erinevate k\u00e4skude abil K\u00f5ik users Ainult age = 20 ja name = Marek, age = 16 K\u00f5ik users millised on vanem kui 20 Sorteeri l\u00fchikem vanus kuni vanas Leiame user id j\u00e4rgi Uuendamine andmed Kustuta user Node.js MongoDB1) Loo MongoDB &hellip; <a href=\"https:\/\/markjurgen24.thkit.ee\/wp\/eng\/nosql-andmebaas\/\" class=\"more-link\">Continue reading <span class=\"screen-reader-text\">noSQL andmebaas<\/span> <span class=\"meta-nav\">&rarr;<\/span><\/a><\/p>\n","protected":false},"author":1,"featured_media":0,"parent":0,"menu_order":0,"comment_status":"closed","ping_status":"closed","template":"","meta":{"footnotes":""},"class_list":["post-470","page","type-page","status-publish","hentry"],"yoast_head":"<!-- This site is optimized with the Yoast SEO plugin v27.3 - https:\/\/yoast.com\/product\/yoast-seo-wordpress\/ -->\n<title>noSQL andmebaas - Mark Jurgen portfolio | eng<\/title>\n<meta name=\"robots\" content=\"index, follow, max-snippet:-1, max-image-preview:large, max-video-preview:-1\" \/>\n<link rel=\"canonical\" href=\"https:\/\/markjurgen24.thkit.ee\/wp\/eng\/nosql-andmebaas\/\" \/>\n<meta property=\"og:locale\" content=\"en_GB\" \/>\n<meta property=\"og:type\" content=\"article\" \/>\n<meta property=\"og:title\" content=\"noSQL andmebaas - Mark Jurgen portfolio | eng\" \/>\n<meta property=\"og:description\" content=\"Lisame uus andmebaas &#8220;mongo&#8221;Lisame uus Collection &#8220;users&#8221; Lisame uue kasutaja (nimi ja vanus) V\u00e4\u00e4rtuste otsimine erinevate k\u00e4skude abil K\u00f5ik users Ainult age = 20 ja name = Marek, age = 16 K\u00f5ik users millised on vanem kui 20 Sorteeri l\u00fchikem vanus kuni vanas Leiame user id j\u00e4rgi Uuendamine andmed Kustuta user Node.js MongoDB1) Loo MongoDB &hellip; Continue reading noSQL andmebaas &rarr;\" \/>\n<meta property=\"og:url\" content=\"https:\/\/markjurgen24.thkit.ee\/wp\/eng\/nosql-andmebaas\/\" \/>\n<meta property=\"og:site_name\" content=\"Mark Jurgen portfolio | eng\" \/>\n<meta name=\"twitter:card\" content=\"summary_large_image\" \/>\n<meta name=\"twitter:label1\" content=\"Estimated reading time\" \/>\n\t<meta name=\"twitter:data1\" content=\"1 minute\" \/>\n<script type=\"application\/ld+json\" class=\"yoast-schema-graph\">{\"@context\":\"https:\\\/\\\/schema.org\",\"@graph\":[{\"@type\":\"WebPage\",\"@id\":\"https:\\\/\\\/markjurgen24.thkit.ee\\\/wp\\\/eng\\\/nosql-andmebaas\\\/\",\"url\":\"https:\\\/\\\/markjurgen24.thkit.ee\\\/wp\\\/eng\\\/nosql-andmebaas\\\/\",\"name\":\"noSQL andmebaas - Mark Jurgen portfolio | eng\",\"isPartOf\":{\"@id\":\"https:\\\/\\\/markjurgen24.thkit.ee\\\/wp\\\/eng\\\/#website\"},\"primaryImageOfPage\":{\"@id\":\"https:\\\/\\\/markjurgen24.thkit.ee\\\/wp\\\/eng\\\/nosql-andmebaas\\\/#primaryimage\"},\"image\":{\"@id\":\"https:\\\/\\\/markjurgen24.thkit.ee\\\/wp\\\/eng\\\/nosql-andmebaas\\\/#primaryimage\"},\"thumbnailUrl\":\"https:\\\/\\\/fademarik.wordpress.com\\\/wp-content\\\/uploads\\\/2025\\\/05\\\/pilt-26.png?w=292\",\"datePublished\":\"2025-05-29T08:38:19+00:00\",\"breadcrumb\":{\"@id\":\"https:\\\/\\\/markjurgen24.thkit.ee\\\/wp\\\/eng\\\/nosql-andmebaas\\\/#breadcrumb\"},\"inLanguage\":\"en-GB\",\"potentialAction\":[{\"@type\":\"ReadAction\",\"target\":[\"https:\\\/\\\/markjurgen24.thkit.ee\\\/wp\\\/eng\\\/nosql-andmebaas\\\/\"]}]},{\"@type\":\"ImageObject\",\"inLanguage\":\"en-GB\",\"@id\":\"https:\\\/\\\/markjurgen24.thkit.ee\\\/wp\\\/eng\\\/nosql-andmebaas\\\/#primaryimage\",\"url\":\"https:\\\/\\\/fademarik.wordpress.com\\\/wp-content\\\/uploads\\\/2025\\\/05\\\/pilt-26.png?w=292\",\"contentUrl\":\"https:\\\/\\\/fademarik.wordpress.com\\\/wp-content\\\/uploads\\\/2025\\\/05\\\/pilt-26.png?w=292\"},{\"@type\":\"BreadcrumbList\",\"@id\":\"https:\\\/\\\/markjurgen24.thkit.ee\\\/wp\\\/eng\\\/nosql-andmebaas\\\/#breadcrumb\",\"itemListElement\":[{\"@type\":\"ListItem\",\"position\":1,\"name\":\"Home\",\"item\":\"https:\\\/\\\/markjurgen24.thkit.ee\\\/wp\\\/eng\\\/\"},{\"@type\":\"ListItem\",\"position\":2,\"name\":\"noSQL andmebaas\"}]},{\"@type\":\"WebSite\",\"@id\":\"https:\\\/\\\/markjurgen24.thkit.ee\\\/wp\\\/eng\\\/#website\",\"url\":\"https:\\\/\\\/markjurgen24.thkit.ee\\\/wp\\\/eng\\\/\",\"name\":\"Mark Jurgen portfolio | eng\",\"description\":\"\",\"potentialAction\":[{\"@type\":\"SearchAction\",\"target\":{\"@type\":\"EntryPoint\",\"urlTemplate\":\"https:\\\/\\\/markjurgen24.thkit.ee\\\/wp\\\/eng\\\/?s={search_term_string}\"},\"query-input\":{\"@type\":\"PropertyValueSpecification\",\"valueRequired\":true,\"valueName\":\"search_term_string\"}}],\"inLanguage\":\"en-GB\"}]}<\/script>\n<!-- \/ Yoast SEO plugin. -->","yoast_head_json":{"title":"noSQL andmebaas - Mark Jurgen portfolio | eng","robots":{"index":"index","follow":"follow","max-snippet":"max-snippet:-1","max-image-preview":"max-image-preview:large","max-video-preview":"max-video-preview:-1"},"canonical":"https:\/\/markjurgen24.thkit.ee\/wp\/eng\/nosql-andmebaas\/","og_locale":"en_GB","og_type":"article","og_title":"noSQL andmebaas - Mark Jurgen portfolio | eng","og_description":"Lisame uus andmebaas &#8220;mongo&#8221;Lisame uus Collection &#8220;users&#8221; Lisame uue kasutaja (nimi ja vanus) V\u00e4\u00e4rtuste otsimine erinevate k\u00e4skude abil K\u00f5ik users Ainult age = 20 ja name = Marek, age = 16 K\u00f5ik users millised on vanem kui 20 Sorteeri l\u00fchikem vanus kuni vanas Leiame user id j\u00e4rgi Uuendamine andmed Kustuta user Node.js MongoDB1) Loo MongoDB &hellip; Continue reading noSQL andmebaas &rarr;","og_url":"https:\/\/markjurgen24.thkit.ee\/wp\/eng\/nosql-andmebaas\/","og_site_name":"Mark Jurgen portfolio | eng","twitter_card":"summary_large_image","twitter_misc":{"Estimated reading time":"1 minute"},"schema":{"@context":"https:\/\/schema.org","@graph":[{"@type":"WebPage","@id":"https:\/\/markjurgen24.thkit.ee\/wp\/eng\/nosql-andmebaas\/","url":"https:\/\/markjurgen24.thkit.ee\/wp\/eng\/nosql-andmebaas\/","name":"noSQL andmebaas - Mark Jurgen portfolio | eng","isPartOf":{"@id":"https:\/\/markjurgen24.thkit.ee\/wp\/eng\/#website"},"primaryImageOfPage":{"@id":"https:\/\/markjurgen24.thkit.ee\/wp\/eng\/nosql-andmebaas\/#primaryimage"},"image":{"@id":"https:\/\/markjurgen24.thkit.ee\/wp\/eng\/nosql-andmebaas\/#primaryimage"},"thumbnailUrl":"https:\/\/fademarik.wordpress.com\/wp-content\/uploads\/2025\/05\/pilt-26.png?w=292","datePublished":"2025-05-29T08:38:19+00:00","breadcrumb":{"@id":"https:\/\/markjurgen24.thkit.ee\/wp\/eng\/nosql-andmebaas\/#breadcrumb"},"inLanguage":"en-GB","potentialAction":[{"@type":"ReadAction","target":["https:\/\/markjurgen24.thkit.ee\/wp\/eng\/nosql-andmebaas\/"]}]},{"@type":"ImageObject","inLanguage":"en-GB","@id":"https:\/\/markjurgen24.thkit.ee\/wp\/eng\/nosql-andmebaas\/#primaryimage","url":"https:\/\/fademarik.wordpress.com\/wp-content\/uploads\/2025\/05\/pilt-26.png?w=292","contentUrl":"https:\/\/fademarik.wordpress.com\/wp-content\/uploads\/2025\/05\/pilt-26.png?w=292"},{"@type":"BreadcrumbList","@id":"https:\/\/markjurgen24.thkit.ee\/wp\/eng\/nosql-andmebaas\/#breadcrumb","itemListElement":[{"@type":"ListItem","position":1,"name":"Home","item":"https:\/\/markjurgen24.thkit.ee\/wp\/eng\/"},{"@type":"ListItem","position":2,"name":"noSQL andmebaas"}]},{"@type":"WebSite","@id":"https:\/\/markjurgen24.thkit.ee\/wp\/eng\/#website","url":"https:\/\/markjurgen24.thkit.ee\/wp\/eng\/","name":"Mark Jurgen portfolio | eng","description":"","potentialAction":[{"@type":"SearchAction","target":{"@type":"EntryPoint","urlTemplate":"https:\/\/markjurgen24.thkit.ee\/wp\/eng\/?s={search_term_string}"},"query-input":{"@type":"PropertyValueSpecification","valueRequired":true,"valueName":"search_term_string"}}],"inLanguage":"en-GB"}]}},"_links":{"self":[{"href":"https:\/\/markjurgen24.thkit.ee\/wp\/eng\/wp-json\/wp\/v2\/pages\/470","targetHints":{"allow":["GET"]}}],"collection":[{"href":"https:\/\/markjurgen24.thkit.ee\/wp\/eng\/wp-json\/wp\/v2\/pages"}],"about":[{"href":"https:\/\/markjurgen24.thkit.ee\/wp\/eng\/wp-json\/wp\/v2\/types\/page"}],"author":[{"embeddable":true,"href":"https:\/\/markjurgen24.thkit.ee\/wp\/eng\/wp-json\/wp\/v2\/users\/1"}],"replies":[{"embeddable":true,"href":"https:\/\/markjurgen24.thkit.ee\/wp\/eng\/wp-json\/wp\/v2\/comments?post=470"}],"version-history":[{"count":0,"href":"https:\/\/markjurgen24.thkit.ee\/wp\/eng\/wp-json\/wp\/v2\/pages\/470\/revisions"}],"wp:attachment":[{"href":"https:\/\/markjurgen24.thkit.ee\/wp\/eng\/wp-json\/wp\/v2\/media?parent=470"}],"curies":[{"name":"wp","href":"https:\/\/api.w.org\/{rel}","templated":true}]}}